{"id":54,"date":"2014-06-03T14:26:16","date_gmt":"2014-06-03T12:26:16","guid":{"rendered":"http:\/\/web5278.isis.artatis.de\/verein\/?page_id=54"},"modified":"2018-07-31T20:22:02","modified_gmt":"2018-07-31T18:22:02","slug":"datenschutz","status":"publish","type":"page","link":"https:\/\/www.kvh-helau.de\/?page_id=54","title":{"rendered":"Datenschutz"},"content":{"rendered":"<p><a href=\"https:\/\/www.kvh-helau.de\/wp-content\/uploads\/2018\/07\/Datenschutzinformation-KVH.pdf\"><strong><span style=\"font-size: 18pt;\"><span style=\"font-size: 14pt;\"><span style=\"font-family: arial, helvetica, sans-serif;\">Datenschutzinformation des Karnevalvereins H\u00fcttenberg<\/span><\/span><\/span><\/strong><\/a><\/p>\n<p><span style=\"font-family: arial, helvetica, sans-serif; font-size: 10pt;\"><strong>1. Allgemeines<\/strong><\/span><br \/>\n<span style=\"font-size: 10pt; font-family: arial, helvetica, sans-serif;\">Der Karnevalverein H\u00fcttenberg nimmt den Schutz Ihrer pers\u00f6nlichen Daten und Ihrer Privatsph\u00e4re sehr ernst. Wir beachten bei der Verarbeitung Ihrer personenbezogenen Daten die jeweils geltenden gesetzlichen Datenschutzanforderungen. Personenbezogene Daten im Sinne dieser Datenschutz-Information sind s\u00e4mtliche Informationen, die einen Bezug zu Ihrer Person aufweisen. Dies sind insbesondere Ihre Mitgliedsdaten wie Adresse, Eintrittsdatum, Geburtsdatum, Bankverbindung, Telefonnummer und E-Mail-Adresse.<\/span><\/p>\n<p><span style=\"font-family: arial, helvetica, sans-serif; font-size: 10pt;\"><strong>2. Verantwortliche Stelle<\/strong><\/span><br \/>\n<span style=\"font-size: 10pt; font-family: arial, helvetica, sans-serif;\">Verantwortlich f\u00fcr die Verarbeitung Ihrer personenbezogenen Daten ist der Vorstand des KVH in Vertretung des Vorsitzenden mit einem weiteren Mitglied des Vorstandes. Die Kontaktdaten finden Sie auf unserer Homepage (www.kvh-helau.de).<\/span><\/p>\n<p><span style=\"font-family: arial, helvetica, sans-serif; font-size: 10pt;\"><strong>3. Zwecke der Verarbeitung und Empf\u00e4nger<\/strong><\/span><br \/>\n<span style=\"font-size: 10pt; font-family: arial, helvetica, sans-serif;\">3.1 Mitgliederverwaltung<\/span><br \/>\n<span style=\"font-size: 10pt; font-family: arial, helvetica, sans-serif;\">Der KVH verarbeitet Ihre personenbezogenen Daten, um u.a. den Einzug des Mitgliedsbeitrages bzw. alle Arbeiten im Rahmen der Mitgliederverwaltung durchf\u00fchren zu k\u00f6nnen.<\/span><br \/>\n<span style=\"font-size: 10pt; font-family: arial, helvetica, sans-serif;\">3.2 Ehrungen und sonstige Empf\u00e4nger und Zwecke<\/span><br \/>\n<span style=\"font-size: 10pt; font-family: arial, helvetica, sans-serif;\">Ihre Daten werden vom Vorstand verwendet, um die entsprechenden Ehrungen vornehmen zu k\u00f6nnen.<\/span><\/p>\n<p><span style=\"font-family: arial, helvetica, sans-serif; font-size: 10pt;\"><strong>4. Dauer der Speicherung und L\u00f6schung Ihrer Daten<\/strong><\/span><br \/>\n<span style=\"font-size: 10pt; font-family: arial, helvetica, sans-serif;\">Wir l\u00f6schen Ihre Daten nach Beendigung der Mitgliedschaft beim KVH.<\/span><\/p>\n<p><span style=\"font-family: arial, helvetica, sans-serif; font-size: 10pt;\"><strong>5. Ihre Rechte<\/strong><\/span><br \/>\n<span style=\"font-size: 10pt; font-family: arial, helvetica, sans-serif;\">5.1 Auskunft, Berichtigung, L\u00f6schung etc.<\/span><br \/>\n<span style=\"font-size: 10pt; font-family: arial, helvetica, sans-serif;\">Wir geben Ihnen gerne Auskunft dar\u00fcber, ob und welche personenbezogenen Daten von Ihnen bei uns gespeichert sind und an wen wir diese gegebenenfalls weitergegeben haben. Nach Ma\u00dfgabe der gesetzlichen Bestimmungen k\u00f6nnen Sie folgende weitere Rechte geltend machen: Berichtigung, L\u00f6schung, Einschr\u00e4nkung der Verarbeitung (Sperrung f\u00fcr bestimmte Zwecke) sowie Daten\u00fcbertragung.<\/span><br \/>\n<span style=\"font-size: 10pt; font-family: arial, helvetica, sans-serif;\">5.2 Widerrufsrecht<\/span><br \/>\n<span style=\"font-size: 10pt; font-family: arial, helvetica, sans-serif;\">Sofern Sie uns eine gesonderte Einwilligung f\u00fcr die Verarbeitung Ihrer personenbezogenen Daten erteilt haben, k\u00f6nnen Sie diese jederzeit uns gegen\u00fcber widerrufen. Die Rechtm\u00e4\u00dfigkeit der Verarbeitung Ihrer Daten bis zum Widerruf bleibt von einem Widerruf unber\u00fchrt.<\/span><br \/>\n<span style=\"font-size: 10pt; font-family: arial, helvetica, sans-serif;\">5.4 Fragen oder Beschwerden<\/span><br \/>\n<span style=\"font-size: 10pt; font-family: arial, helvetica, sans-serif;\">Sie haben das Recht sich bei Fragen oder Beschwerden an die zust\u00e4ndige Aufsichtsbeh\u00f6rde, Der Hessische Datenschutzbeauftragte, Gustav-Stresemann-Ring 1, 65189 Wiesbaden (https:\/\/www.datenschutz.hessen.de) zu wenden.<\/span><\/p>\n<p><span style=\"font-family: arial, helvetica, sans-serif; font-size: 10pt;\"><strong>6. Kontaktdaten<\/strong><\/span><br \/>\n<span style=\"font-size: 10pt; font-family: arial, helvetica, sans-serif;\">Sollten Sie Fragen oder Anmerkungen zum Datenschutz beim KVH haben (beispielsweise zur Aktualisierung Ihrer personenbezogenen Daten), nehmen Sie bitte unter info@kvh-helau.de Kontakt mit uns auf.<\/span><\/p>\n<p><span style=\"font-family: arial, helvetica, sans-serif; font-size: 10pt;\"><strong>7. Bildrechte<\/strong><\/span><br \/>\n<span style=\"font-size: 10pt; font-family: arial, helvetica, sans-serif;\">Ich erkl\u00e4re mich hiermit einverstanden, dass Bildnisse von mir bzw. meinem Kind im Rahmen aller \u00f6ffentlichen Veranstaltungen des Karnevalvereins H\u00fcttenberg (z.B. Faschingsveranstaltungen, Teilnahme an Umz\u00fcgen etc.) auf der Homepage des KVH sowie im Internet, sozialen Netzwerke (z.B. Facebook) und in Zeitungen ver\u00f6ffentlich werden d\u00fcrfen, da diese der Au\u00dfendarstellung des Vereins gem\u00e4\u00df des satzungsm\u00e4\u00dfigen Vereinszwecks dienen (Kunsturhebergesetz).<\/span><\/p>\n<p><span style=\"font-size: 10pt; font-family: arial, helvetica, sans-serif;\">Dar\u00fcber hinaus stimme ich auch zu, das Bildnisse von mir bzw. meinem Kind im Rahmen interner Veranstaltungen (z.B. Trainings- und \u00dcbungsbetrieb, Mitgliederversammlungen, Sommerspektakel, usw.) ebenfalls auf der Homepage des KVH sowie im Internet, soziale Netzwerke (z.B. Facebook) und in Zeitungen ver\u00f6ffentlich werden d\u00fcrfen. Ich kann die L\u00f6schung der Bilder von internen Veranstaltungen jederzeit gegen\u00fcber einem Mitglied des Vorstandes verlangen. Die L\u00f6schung wird vom Vorstand sofort veranlasst. Die Bildrechte werden nicht an kommerzielle Agenturen weitergegeben oder f\u00fcr kommerzielle Zwecke genutzt.<\/span><\/p>\n<hr \/>\n<h2><span style=\"font-size: 14pt; font-family: arial, helvetica, sans-serif;\"><strong>Datenschutzerkl\u00e4rung f\u00fcr die Nutzung von Facebook-Plugins (Like-Button)<\/strong><\/span><\/h2>\n<p><span style=\"font-family: arial, helvetica, sans-serif; font-size: 10pt;\">Auf unseren Seiten sind Plugins des sozialen Netzwerks Facebook (Facebook Inc., 1601 Willow Road, Menlo Park, California, 94025, USA) integriert. Die Facebook-Plugins erkennen Sie an dem Facebook-Logo oder dem &#8222;Like-Button&#8220; (&#8222;Gef\u00e4llt mir&#8220;) auf unserer Seite. Eine \u00dcbersicht \u00fcber die Facebook-Plugins finden Sie hier: <a href=\"http:\/\/developers.facebook.com\/docs\/plugins\/\" target=\"_blank\" rel=\"noopener\">http:\/\/developers.facebook.com\/docs\/plugins\/<\/a>.<\/span><br \/>\n<span style=\"font-family: arial, helvetica, sans-serif; font-size: 10pt;\">Wenn Sie unsere Seiten besuchen, wird \u00fcber das Plugin eine direkte Verbindung zwischen Ihrem Browser und dem Facebook-Server hergestellt. Facebook erh\u00e4lt dadurch die Information, dass Sie mit Ihrer IP-Adresse unsere Seite besucht haben. Wenn Sie den Facebook &#8222;Like-Button&#8220; anklicken w\u00e4hrend Sie in Ihrem Facebook-Account eingeloggt sind, k\u00f6nnen Sie die Inhalte unserer Seiten auf Ihrem Facebook-Profil verlinken. Dadurch kann Facebook den Besuch unserer Seiten Ihrem Benutzerkonto zuordnen. Wir weisen darauf hin, dass wir als Anbieter der Seiten keine Kenntnis vom Inhalt der \u00fcbermittelten Daten sowie deren Nutzung durch Facebook erhalten. Weitere Informationen hierzu finden Sie in der Datenschutzerkl\u00e4rung von facebook unter <a href=\"http:\/\/de-de.facebook.com\/policy.php\" target=\"_blank\" rel=\"noopener\"> http:\/\/de-de.facebook.com\/policy.php<\/a><\/span><\/p>\n<p><span style=\"font-family: arial, helvetica, sans-serif; font-size: 10pt;\">Wenn Sie nicht w\u00fcnschen, dass Facebook den Besuch unserer Seiten Ihrem Facebook-Nutzerkonto zuordnen kann, loggen Sie sich bitte aus Ihrem Facebook-Benutzerkonto aus.<\/span><\/p>\n<p><span style=\"font-family: arial, helvetica, sans-serif; font-size: 10pt;\"><em>Quellen: <a href=\"http:\/\/www.e-recht24.de\/artikel\/datenschutz\/6590-facebook-like-button-datenschutz-disclaimer.html\" target=\"_blank\" rel=\"nofollow noopener\">Facebook Datenschutzerkl\u00e4rung<\/a><\/em><\/span><\/p>\n","protected":false},"excerpt":{"rendered":"<p>Datenschutzinformation des Karnevalvereins H\u00fcttenberg 1. Allgemeines Der Karnevalverein H\u00fcttenberg nimmt den Schutz Ihrer pers\u00f6nlichen Daten und Ihrer Privatsph\u00e4re sehr ernst. Wir beachten bei der Verarbeitung Ihrer personenbezogenen Daten die jeweils geltenden gesetzlichen Datenschutzanforderungen. Personenbezogene Daten im Sinne dieser Datenschutz-Information sind s\u00e4mtliche Informationen, die einen Bezug zu Ihrer Person aufweisen. Dies sind insbesondere Ihre Mitgliedsdaten wie [&hellip;]<\/p>\n","protected":false},"author":1,"featured_media":0,"parent":0,"menu_order":0,"comment_status":"closed","ping_status":"closed","template":"","meta":{"footnotes":""},"class_list":["post-54","page","type-page","status-publish","hentry"],"_links":{"self":[{"href":"https:\/\/www.kvh-helau.de\/index.php?rest_route=\/wp\/v2\/pages\/54","targetHints":{"allow":["GET"]}}],"collection":[{"href":"https:\/\/www.kvh-helau.de\/index.php?rest_route=\/wp\/v2\/pages"}],"about":[{"href":"https:\/\/www.kvh-helau.de\/index.php?rest_route=\/wp\/v2\/types\/page"}],"author":[{"embeddable":true,"href":"https:\/\/www.kvh-helau.de\/index.php?rest_route=\/wp\/v2\/users\/1"}],"replies":[{"embeddable":true,"href":"https:\/\/www.kvh-helau.de\/index.php?rest_route=%2Fwp%2Fv2%2Fcomments&post=54"}],"version-history":[{"count":8,"href":"https:\/\/www.kvh-helau.de\/index.php?rest_route=\/wp\/v2\/pages\/54\/revisions"}],"predecessor-version":[{"id":1097,"href":"https:\/\/www.kvh-helau.de\/index.php?rest_route=\/wp\/v2\/pages\/54\/revisions\/1097"}],"wp:attachment":[{"href":"https:\/\/www.kvh-helau.de\/index.php?rest_route=%2Fwp%2Fv2%2Fmedia&parent=54"}],"curies":[{"name":"wp","href":"https:\/\/api.w.org\/{rel}","templated":true}]}}